{"id":50,"date":"2026-04-28T04:29:49","date_gmt":"2026-04-28T04:29:49","guid":{"rendered":"https:\/\/aguacatesibarra.com\/?page_id=50"},"modified":"2026-04-28T06:10:25","modified_gmt":"2026-04-28T06:10:25","slug":"calidad","status":"publish","type":"page","link":"https:\/\/aguacatesibarra.com\/?page_id=50","title":{"rendered":"Calidad"},"content":{"rendered":"\t\t<div data-elementor-type=\"wp-page\" data-elementor-id=\"50\" class=\"elementor elementor-50\" data-elementor-post-type=\"page\">\n\t\t\t\t<div class=\"elementor-element elementor-element-556bc788 e-con-full e-flex e-con e-parent\" data-id=\"556bc788\" data-element_type=\"container\" data-e-type=\"container\" data-settings=\"{&quot;background_background&quot;:&quot;classic&quot;}\">\n\t\t<div class=\"elementor-element elementor-element-3e7a633e e-con-full e-flex e-con e-child\" data-id=\"3e7a633e\" data-element_type=\"container\" data-e-type=\"container\" data-settings=\"{&quot;position&quot;:&quot;absolute&quot;}\">\n\t\t\t\t<div class=\"elementor-element elementor-element-312cd3f5 elementor-widget elementor-widget-heading\" data-id=\"312cd3f5\" data-element_type=\"widget\" data-e-type=\"widget\" data-widget_type=\"heading.default\">\n\t\t\t\t\t<p class=\"elementor-heading-title elementor-size-default\">AGUACATES IBARRA<\/p>\t\t\t\t<\/div>\n\t\t\t\t<\/div>\n\t\t<div class=\"elementor-element elementor-element-3e9ec503 e-con-full e-flex e-con e-child\" data-id=\"3e9ec503\" data-element_type=\"container\" data-e-type=\"container\">\n\t\t\t\t<div class=\"elementor-element elementor-element-388d76cf elementor-widget elementor-widget-heading\" data-id=\"388d76cf\" data-element_type=\"widget\" data-e-type=\"widget\" data-widget_type=\"heading.default\">\n\t\t\t\t\t<h1 class=\"elementor-heading-title elementor-size-default\">Producci\u00f3n<br>responsable,<br>impacto real<\/h1>\t\t\t\t<\/div>\n\t\t\t\t<\/div>\n\t\t\t\t<\/div>\n\t\t<div class=\"elementor-element elementor-element-2a2127ed e-con-full e-flex e-con e-parent\" data-id=\"2a2127ed\" data-element_type=\"container\" data-e-type=\"container\" data-settings=\"{&quot;background_background&quot;:&quot;classic&quot;}\">\n\t\t<div class=\"elementor-element elementor-element-7d744f53 e-flex e-con-boxed e-con e-child\" data-id=\"7d744f53\" data-element_type=\"container\" data-e-type=\"container\" data-settings=\"{&quot;background_background&quot;:&quot;classic&quot;}\">\n\t\t\t\t\t<div class=\"e-con-inner\">\n\t\t\t\t<div class=\"elementor-element elementor-element-239ffe15 elementor-widget elementor-widget-text-editor\" data-id=\"239ffe15\" data-element_type=\"widget\" data-e-type=\"widget\" data-widget_type=\"text-editor.default\">\n\t\t\t\t\t\t\t\t\t<p>Entendemos que la calidad no solo se mide en el fruto, sino en c\u00f3mo se produce. Por ello, operamos bajo certificaciones reconocidas y desarrollamos proyectos de sustentabilidad que aseguran el cuidado del medio ambiente, el bienestar de nuestra comunidad y la confianza de productores y compradores.<\/p>\t\t\t\t\t\t\t\t<\/div>\n\t\t\t\t<div class=\"elementor-element elementor-element-58b6f9cb elementor-widget elementor-widget-text-editor\" data-id=\"58b6f9cb\" data-element_type=\"widget\" data-e-type=\"widget\" data-widget_type=\"text-editor.default\">\n\t\t\t\t\t\t\t\t\t<p><strong>Nuestro compromiso es claro: crecer de manera responsable, transparente y sostenible.<\/strong><\/p>\t\t\t\t\t\t\t\t<\/div>\n\t\t\t\t\t<\/div>\n\t\t\t\t<\/div>\n\t\t\t\t<\/div>\n\t\t<div class=\"elementor-element elementor-element-688881ed e-flex e-con-boxed e-con e-parent\" data-id=\"688881ed\" data-element_type=\"container\" data-e-type=\"container\" data-settings=\"{&quot;background_background&quot;:&quot;classic&quot;}\">\n\t\t\t\t\t<div class=\"e-con-inner\">\n\t\t\t\t<div class=\"elementor-element elementor-element-66209772 elementor-widget elementor-widget-heading\" data-id=\"66209772\" data-element_type=\"widget\" data-e-type=\"widget\" data-widget_type=\"heading.default\">\n\t\t\t\t\t<h2 class=\"elementor-heading-title elementor-size-default\">Certificaciones<\/h2>\t\t\t\t<\/div>\n\t\t\t\t<div class=\"elementor-element elementor-element-1149fbe7 elementor-widget-divider--view-line elementor-widget elementor-widget-divider\" data-id=\"1149fbe7\" data-element_type=\"widget\" data-e-type=\"widget\" data-widget_type=\"divider.default\">\n\t\t\t\t\t\t\t<div class=\"elementor-divider\">\n\t\t\t<span class=\"elementor-divider-separator\">\n\t\t\t\t\t\t<\/span>\n\t\t<\/div>\n\t\t\t\t\t\t<\/div>\n\t\t\t\t<div class=\"elementor-element elementor-element-567ec57f elementor-widget elementor-widget-heading\" data-id=\"567ec57f\" data-element_type=\"widget\" data-e-type=\"widget\" data-widget_type=\"heading.default\">\n\t\t\t\t\t<h3 class=\"elementor-heading-title elementor-size-default\">Est\u00e1ndares que respaldan nuestros procesos<\/h3>\t\t\t\t<\/div>\n\t\t\t\t<div class=\"elementor-element elementor-element-5b0aba98 elementor-widget elementor-widget-text-editor\" data-id=\"5b0aba98\" data-element_type=\"widget\" data-e-type=\"widget\" data-widget_type=\"text-editor.default\">\n\t\t\t\t\t\t\t\t\t<p>Las certificaciones no son un requisito m\u00e1s, son la base de nuestro sistema de trabajo. Garantizan inocuidad, trazabilidad, buenas pr\u00e1cticas agr\u00edcolas y cumplimiento normativo en cada etapa del proceso.<\/p>\t\t\t\t\t\t\t\t<\/div>\n\t\t<div class=\"elementor-element elementor-element-3f35b165 e-flex e-con-boxed e-con e-child\" data-id=\"3f35b165\" data-element_type=\"container\" data-e-type=\"container\">\n\t\t\t\t\t<div class=\"e-con-inner\">\n\t\t<div class=\"elementor-element elementor-element-4d4b0b89 e-flex e-con-boxed e-con e-child\" data-id=\"4d4b0b89\" data-element_type=\"container\" data-e-type=\"container\">\n\t\t\t\t\t<div class=\"e-con-inner\">\n\t\t<div class=\"elementor-element elementor-element-2e4d1bee e-flex e-con-boxed e-con e-child\" data-id=\"2e4d1bee\" data-element_type=\"container\" data-e-type=\"container\">\n\t\t\t\t\t<div class=\"e-con-inner\">\n\t\t\t\t\t<\/div>\n\t\t\t\t<\/div>\n\t\t<div class=\"elementor-element elementor-element-7e6fb3fe e-flex e-con-boxed e-con e-child\" data-id=\"7e6fb3fe\" data-element_type=\"container\" data-e-type=\"container\">\n\t\t\t\t\t<div class=\"e-con-inner\">\n\t\t\t\t<div class=\"elementor-element elementor-element-1d3cb9fc elementor-widget elementor-widget-heading\" data-id=\"1d3cb9fc\" data-element_type=\"widget\" data-e-type=\"widget\" data-widget_type=\"heading.default\">\n\t\t\t\t\t<h4 class=\"elementor-heading-title elementor-size-default\">Buenas pr\u00e1cticas agr\u00edcolas certificadas.<\/h4>\t\t\t\t<\/div>\n\t\t\t\t<div class=\"elementor-element elementor-element-526e52be elementor-widget elementor-widget-text-editor\" data-id=\"526e52be\" data-element_type=\"widget\" data-e-type=\"widget\" data-widget_type=\"text-editor.default\">\n\t\t\t\t\t\t\t\t\t<p>Esta certificaci\u00f3n internacional garantiza que nuestros procesos cumplen con est\u00e1ndares de inocuidad, manejo responsable del cultivo, bienestar laboral y protecci\u00f3n del medio ambiente.<\/p>\t\t\t\t\t\t\t\t<\/div>\n\t\t\t\t\t<\/div>\n\t\t\t\t<\/div>\n\t\t\t\t\t<\/div>\n\t\t\t\t<\/div>\n\t\t<div class=\"elementor-element elementor-element-12db4010 e-flex e-con-boxed e-con e-child\" data-id=\"12db4010\" data-element_type=\"container\" data-e-type=\"container\">\n\t\t\t\t\t<div class=\"e-con-inner\">\n\t\t<div class=\"elementor-element elementor-element-5a93619f e-flex e-con-boxed e-con e-child\" data-id=\"5a93619f\" data-element_type=\"container\" data-e-type=\"container\">\n\t\t\t\t\t<div class=\"e-con-inner\">\n\t\t\t\t\t<\/div>\n\t\t\t\t<\/div>\n\t\t<div class=\"elementor-element elementor-element-26258652 e-flex e-con-boxed e-con e-child\" data-id=\"26258652\" data-element_type=\"container\" data-e-type=\"container\">\n\t\t\t\t\t<div class=\"e-con-inner\">\n\t\t\t\t<div class=\"elementor-element elementor-element-2dd13c30 elementor-widget elementor-widget-heading\" data-id=\"2dd13c30\" data-element_type=\"widget\" data-e-type=\"widget\" data-widget_type=\"heading.default\">\n\t\t\t\t\t<h4 class=\"elementor-heading-title elementor-size-default\">Cumplimiento fitosanitario y normativo.<\/h4>\t\t\t\t<\/div>\n\t\t\t\t<div class=\"elementor-element elementor-element-3f90bf3c elementor-widget elementor-widget-text-editor\" data-id=\"3f90bf3c\" data-element_type=\"widget\" data-e-type=\"widget\" data-widget_type=\"text-editor.default\">\n\t\t\t\t\t\t\t\t\t<p>Avala el cumplimiento de normas oficiales en producci\u00f3n, empaque y comercializaci\u00f3n de aguacate fresco.<\/p>\t\t\t\t\t\t\t\t<\/div>\n\t\t\t\t\t<\/div>\n\t\t\t\t<\/div>\n\t\t\t\t\t<\/div>\n\t\t\t\t<\/div>\n\t\t<div class=\"elementor-element elementor-element-64870230 e-flex e-con-boxed e-con e-child\" data-id=\"64870230\" data-element_type=\"container\" data-e-type=\"container\">\n\t\t\t\t\t<div class=\"e-con-inner\">\n\t\t<div class=\"elementor-element elementor-element-21de75ca e-flex e-con-boxed e-con e-child\" data-id=\"21de75ca\" data-element_type=\"container\" data-e-type=\"container\">\n\t\t\t\t\t<div class=\"e-con-inner\">\n\t\t\t\t\t<\/div>\n\t\t\t\t<\/div>\n\t\t<div class=\"elementor-element elementor-element-1c635c1e e-flex e-con-boxed e-con e-child\" data-id=\"1c635c1e\" data-element_type=\"container\" data-e-type=\"container\">\n\t\t\t\t\t<div class=\"e-con-inner\">\n\t\t\t\t<div class=\"elementor-element elementor-element-aad9741 elementor-widget elementor-widget-heading\" data-id=\"aad9741\" data-element_type=\"widget\" data-e-type=\"widget\" data-widget_type=\"heading.default\">\n\t\t\t\t\t<h4 class=\"elementor-heading-title elementor-size-default\">Compromiso con la mejora continua.<\/h4>\t\t\t\t<\/div>\n\t\t\t\t<div class=\"elementor-element elementor-element-17d72b97 elementor-widget elementor-widget-text-editor\" data-id=\"17d72b97\" data-element_type=\"widget\" data-e-type=\"widget\" data-widget_type=\"text-editor.default\">\n\t\t\t\t\t\t\t\t\t<p>Actualmente avanzamos en el proceso de certificaci\u00f3n SMETA, fortaleciendo nuestras pr\u00e1cticas en responsabilidad social, \u00e9tica laboral y sostenibilidad empresarial.<\/p>\t\t\t\t\t\t\t\t<\/div>\n\t\t\t\t\t<\/div>\n\t\t\t\t<\/div>\n\t\t\t\t\t<\/div>\n\t\t\t\t<\/div>\n\t\t\t\t\t<\/div>\n\t\t\t\t<\/div>\n\t\t\t\t\t<\/div>\n\t\t\t\t<\/div>\n\t\t<div class=\"elementor-element elementor-element-1746fc3e e-flex e-con-boxed e-con e-parent\" data-id=\"1746fc3e\" data-element_type=\"container\" data-e-type=\"container\" data-settings=\"{&quot;background_background&quot;:&quot;classic&quot;}\">\n\t\t\t\t\t<div class=\"e-con-inner\">\n\t\t\t\t<div class=\"elementor-element elementor-element-6acaf4dd elementor-widget elementor-widget-heading\" data-id=\"6acaf4dd\" data-element_type=\"widget\" data-e-type=\"widget\" data-widget_type=\"heading.default\">\n\t\t\t\t\t<h2 class=\"elementor-heading-title elementor-size-default\">Sustentabilidad<\/h2>\t\t\t\t<\/div>\n\t\t\t\t<div class=\"elementor-element elementor-element-ae5324e elementor-widget-divider--view-line elementor-widget elementor-widget-divider\" data-id=\"ae5324e\" data-element_type=\"widget\" data-e-type=\"widget\" data-widget_type=\"divider.default\">\n\t\t\t\t\t\t\t<div class=\"elementor-divider\">\n\t\t\t<span class=\"elementor-divider-separator\">\n\t\t\t\t\t\t<\/span>\n\t\t<\/div>\n\t\t\t\t\t\t<\/div>\n\t\t\t\t<div class=\"elementor-element elementor-element-eb87491 elementor-widget elementor-widget-heading\" data-id=\"eb87491\" data-element_type=\"widget\" data-e-type=\"widget\" data-widget_type=\"heading.default\">\n\t\t\t\t\t<h3 class=\"elementor-heading-title elementor-size-default\">Acciones reales que generan impacto<\/h3>\t\t\t\t<\/div>\n\t\t\t\t<div class=\"elementor-element elementor-element-1b6fc038 elementor-widget elementor-widget-text-editor\" data-id=\"1b6fc038\" data-element_type=\"widget\" data-e-type=\"widget\" data-widget_type=\"text-editor.default\">\n\t\t\t\t\t\t\t\t\t<p>La sustentabilidad se vive todos los d\u00edas en nuestra empresa. Implementamos proyectos concretos que reducen nuestro impacto ambiental y generan beneficios directos para nuestra comunidad.<\/p>\t\t\t\t\t\t\t\t<\/div>\n\t\t<div class=\"elementor-element elementor-element-18bf8874 e-flex e-con-boxed e-con e-child\" data-id=\"18bf8874\" data-element_type=\"container\" data-e-type=\"container\">\n\t\t\t\t\t<div class=\"e-con-inner\">\n\t\t<div class=\"elementor-element elementor-element-64726d1c e-flex e-con-boxed e-con e-child\" data-id=\"64726d1c\" data-element_type=\"container\" data-e-type=\"container\">\n\t\t\t\t\t<div class=\"e-con-inner\">\n\t\t\t\t\t<\/div>\n\t\t\t\t<\/div>\n\t\t<div class=\"elementor-element elementor-element-10053784 e-flex e-con-boxed e-con e-child\" data-id=\"10053784\" data-element_type=\"container\" data-e-type=\"container\">\n\t\t\t\t\t<div class=\"e-con-inner\">\n\t\t\t\t<div class=\"elementor-element elementor-element-14f72e08 elementor-widget elementor-widget-heading\" data-id=\"14f72e08\" data-element_type=\"widget\" data-e-type=\"widget\" data-widget_type=\"heading.default\">\n\t\t\t\t\t<h3 class=\"elementor-heading-title elementor-size-default\">Captaci\u00f3n de agua pluvial<\/h3>\t\t\t\t<\/div>\n\t\t\t\t<div class=\"elementor-element elementor-element-8cd30c5 elementor-widget elementor-widget-text-editor\" data-id=\"8cd30c5\" data-element_type=\"widget\" data-e-type=\"widget\" data-widget_type=\"text-editor.default\">\n\t\t\t\t\t\t\t\t\t<p>Contamos con un sistema de captaci\u00f3n de agua pluvial mediante canaletas y dep\u00f3sitos estrat\u00e9gicos que permiten recolectar el agua proveniente de techos y patios de nuestras instalaciones.<\/p><p style='margin-top:12px'>Esta agua es reutilizada en procesos internos, reduciendo el consumo de fuentes convencionales y promoviendo el uso eficiente del recurso h\u00eddrico.<\/p>\t\t\t\t\t\t\t\t<\/div>\n\t\t\t\t\t<\/div>\n\t\t\t\t<\/div>\n\t\t\t\t\t<\/div>\n\t\t\t\t<\/div>\n\t\t<div class=\"elementor-element elementor-element-3fbc957f e-flex e-con-boxed e-con e-child\" data-id=\"3fbc957f\" data-element_type=\"container\" data-e-type=\"container\">\n\t\t\t\t\t<div class=\"e-con-inner\">\n\t\t<div class=\"elementor-element elementor-element-3ffda3f4 e-flex e-con-boxed e-con e-child\" data-id=\"3ffda3f4\" data-element_type=\"container\" data-e-type=\"container\">\n\t\t\t\t\t<div class=\"e-con-inner\">\n\t\t\t\t<div class=\"elementor-element elementor-element-a98f83b elementor-widget elementor-widget-heading\" data-id=\"a98f83b\" data-element_type=\"widget\" data-e-type=\"widget\" data-widget_type=\"heading.default\">\n\t\t\t\t\t<h3 class=\"elementor-heading-title elementor-size-default\">Paneles solares flotantes.<\/h3>\t\t\t\t<\/div>\n\t\t\t\t<div class=\"elementor-element elementor-element-7bf1f46a elementor-widget elementor-widget-text-editor\" data-id=\"7bf1f46a\" data-element_type=\"widget\" data-e-type=\"widget\" data-widget_type=\"text-editor.default\">\n\t\t\t\t\t\t\t\t\t<p>Desarrollamos un proyecto innovador de generaci\u00f3n de energ\u00eda limpia mediante paneles solares flotantes, con el objetivo de producir el 100% de la energ\u00eda que consumimos.<\/p><ul style='margin-top:12px'><li>Reduce la evaporaci\u00f3n del agua<\/li><li>Optimiza el espacio disponible<\/li><li>Aumenta la eficiencia energ\u00e9tica<\/li><li>Disminuye la huella de carbono<\/li><li>Primer proyecto de generaci\u00f3n energ\u00e9tica sobre agua en M\u00e9xico<\/li><\/ul>\t\t\t\t\t\t\t\t<\/div>\n\t\t\t\t\t<\/div>\n\t\t\t\t<\/div>\n\t\t<div class=\"elementor-element elementor-element-d4cf27d e-flex e-con-boxed e-con e-child\" data-id=\"d4cf27d\" data-element_type=\"container\" data-e-type=\"container\">\n\t\t\t\t\t<div class=\"e-con-inner\">\n\t\t\t\t\t<\/div>\n\t\t\t\t<\/div>\n\t\t\t\t\t<\/div>\n\t\t\t\t<\/div>\n\t\t<div class=\"elementor-element elementor-element-52c19b6a e-flex e-con-boxed e-con e-child\" data-id=\"52c19b6a\" data-element_type=\"container\" data-e-type=\"container\">\n\t\t\t\t\t<div class=\"e-con-inner\">\n\t\t<div class=\"elementor-element elementor-element-542d6220 e-flex e-con-boxed e-con e-child\" data-id=\"542d6220\" data-element_type=\"container\" data-e-type=\"container\">\n\t\t\t\t\t<div class=\"e-con-inner\">\n\t\t\t\t\t<\/div>\n\t\t\t\t<\/div>\n\t\t<div class=\"elementor-element elementor-element-df05fbc e-flex e-con-boxed e-con e-child\" data-id=\"df05fbc\" data-element_type=\"container\" data-e-type=\"container\">\n\t\t\t\t\t<div class=\"e-con-inner\">\n\t\t\t\t<div class=\"elementor-element elementor-element-6524d740 elementor-widget elementor-widget-heading\" data-id=\"6524d740\" data-element_type=\"widget\" data-e-type=\"widget\" data-widget_type=\"heading.default\">\n\t\t\t\t\t<h3 class=\"elementor-heading-title elementor-size-default\">Reforestaci\u00f3n<\/h3>\t\t\t\t<\/div>\n\t\t\t\t<div class=\"elementor-element elementor-element-7c673e1a elementor-widget elementor-widget-text-editor\" data-id=\"7c673e1a\" data-element_type=\"widget\" data-e-type=\"widget\" data-widget_type=\"text-editor.default\">\n\t\t\t\t\t\t\t\t\t<p>En conjunto con la comunidad local, realizamos programas de reforestaci\u00f3n enfocados en la recuperaci\u00f3n de \u00e1reas verdes y la generaci\u00f3n de conciencia ambiental.<\/p><p style='margin-top:12px'>Estas acciones buscan beneficiar a las futuras generaciones y fortalecer el v\u00ednculo entre la empresa, los productores y el entorno.<\/p>\t\t\t\t\t\t\t\t<\/div>\n\t\t\t\t\t<\/div>\n\t\t\t\t<\/div>\n\t\t\t\t\t<\/div>\n\t\t\t\t<\/div>\n\t\t\t\t\t<\/div>\n\t\t\t\t<\/div>\n\t\t<div class=\"elementor-element elementor-element-5cc68048 e-flex e-con-boxed e-con e-parent\" data-id=\"5cc68048\" data-element_type=\"container\" data-e-type=\"container\" data-settings=\"{&quot;background_background&quot;:&quot;classic&quot;}\">\n\t\t\t\t\t<div class=\"e-con-inner\">\n\t\t\t\t<div class=\"elementor-element elementor-element-30b50b41 elementor-widget elementor-widget-text-editor\" data-id=\"30b50b41\" data-element_type=\"widget\" data-e-type=\"widget\" data-widget_type=\"text-editor.default\">\n\t\t\t\t\t\t\t\t\t<p>Nuestros proyectos sustentables adem\u00e1s de que generan empleo, promueven la educaci\u00f3n ambiental y motivan a la comunidad a adoptar pr\u00e1cticas responsables.<\/p>\t\t\t\t\t\t\t\t<\/div>\n\t\t<div class=\"elementor-element elementor-element-6fe96f78 e-flex e-con-boxed e-con e-child\" data-id=\"6fe96f78\" data-element_type=\"container\" data-e-type=\"container\">\n\t\t\t\t\t<div class=\"e-con-inner\">\n\t\t\t\t\t<\/div>\n\t\t\t\t<\/div>\n\t\t\t\t\t<\/div>\n\t\t\t\t<\/div>\n\t\t\t\t<\/div>\n\t\t","protected":false},"excerpt":{"rendered":"<p>AGUACATES IBARRA Producci\u00f3nresponsable,impacto real Entendemos que la calidad no solo se mide en el fruto, sino en c\u00f3mo se produce. Por ello, operamos bajo certificaciones reconocidas y desarrollamos proyectos de sustentabilidad que aseguran el cuidado del medio ambiente, el bienestar de nuestra comunidad y la confianza de productores y compradores. Nuestro compromiso es claro: crecer [&hellip;]<\/p>\n","protected":false},"author":1,"featured_media":0,"parent":0,"menu_order":0,"comment_status":"closed","ping_status":"closed","template":"","meta":{"footnotes":""},"class_list":["post-50","page","type-page","status-publish","hentry"],"yoast_head":"<!-- This site is optimized with the Yoast SEO plugin v27.5 - https:\/\/yoast.com\/product\/yoast-seo-wordpress\/ -->\n<title>Calidad - Aguacates Ibarra<\/title>\n<meta name=\"robots\" content=\"index, follow, max-snippet:-1, max-image-preview:large, max-video-preview:-1\" \/>\n<link rel=\"canonical\" href=\"https:\/\/aguacatesibarra.com\/?page_id=50\" \/>\n<meta property=\"og:locale\" content=\"en_US\" \/>\n<meta property=\"og:type\" content=\"article\" \/>\n<meta property=\"og:title\" content=\"Calidad - Aguacates Ibarra\" \/>\n<meta property=\"og:description\" content=\"AGUACATES IBARRA Producci\u00f3nresponsable,impacto real Entendemos que la calidad no solo se mide en el fruto, sino en c\u00f3mo se produce. Por ello, operamos bajo certificaciones reconocidas y desarrollamos proyectos de sustentabilidad que aseguran el cuidado del medio ambiente, el bienestar de nuestra comunidad y la confianza de productores y compradores. Nuestro compromiso es claro: crecer [&hellip;]\" \/>\n<meta property=\"og:url\" content=\"https:\/\/aguacatesibarra.com\/?page_id=50\" \/>\n<meta property=\"og:site_name\" content=\"Aguacates Ibarra\" \/>\n<meta property=\"article:modified_time\" content=\"2026-04-28T06:10:25+00:00\" \/>\n<meta name=\"twitter:card\" content=\"summary_large_image\" \/>\n<meta name=\"twitter:label1\" content=\"Est. reading time\" \/>\n\t<meta name=\"twitter:data1\" content=\"2 minutes\" \/>\n<script type=\"application\/ld+json\" class=\"yoast-schema-graph\">{\"@context\":\"https:\\\/\\\/schema.org\",\"@graph\":[{\"@type\":\"WebPage\",\"@id\":\"https:\\\/\\\/aguacatesibarra.com\\\/?page_id=50\",\"url\":\"https:\\\/\\\/aguacatesibarra.com\\\/?page_id=50\",\"name\":\"Calidad - Aguacates Ibarra\",\"isPartOf\":{\"@id\":\"https:\\\/\\\/aguacatesibarra.com\\\/#website\"},\"datePublished\":\"2026-04-28T04:29:49+00:00\",\"dateModified\":\"2026-04-28T06:10:25+00:00\",\"breadcrumb\":{\"@id\":\"https:\\\/\\\/aguacatesibarra.com\\\/?page_id=50#breadcrumb\"},\"inLanguage\":\"en-US\",\"potentialAction\":[{\"@type\":\"ReadAction\",\"target\":[\"https:\\\/\\\/aguacatesibarra.com\\\/?page_id=50\"]}]},{\"@type\":\"BreadcrumbList\",\"@id\":\"https:\\\/\\\/aguacatesibarra.com\\\/?page_id=50#breadcrumb\",\"itemListElement\":[{\"@type\":\"ListItem\",\"position\":1,\"name\":\"Home\",\"item\":\"https:\\\/\\\/aguacatesibarra.com\\\/\"},{\"@type\":\"ListItem\",\"position\":2,\"name\":\"Calidad\"}]},{\"@type\":\"WebSite\",\"@id\":\"https:\\\/\\\/aguacatesibarra.com\\\/#website\",\"url\":\"https:\\\/\\\/aguacatesibarra.com\\\/\",\"name\":\"Aguacates Ibarra\",\"description\":\"\",\"publisher\":{\"@id\":\"https:\\\/\\\/aguacatesibarra.com\\\/#organization\"},\"potentialAction\":[{\"@type\":\"SearchAction\",\"target\":{\"@type\":\"EntryPoint\",\"urlTemplate\":\"https:\\\/\\\/aguacatesibarra.com\\\/?s={search_term_string}\"},\"query-input\":{\"@type\":\"PropertyValueSpecification\",\"valueRequired\":true,\"valueName\":\"search_term_string\"}}],\"inLanguage\":\"en-US\"},{\"@type\":\"Organization\",\"@id\":\"https:\\\/\\\/aguacatesibarra.com\\\/#organization\",\"name\":\"Aguacates Ibarra\",\"url\":\"https:\\\/\\\/aguacatesibarra.com\\\/\",\"logo\":{\"@type\":\"ImageObject\",\"inLanguage\":\"en-US\",\"@id\":\"https:\\\/\\\/aguacatesibarra.com\\\/#\\\/schema\\\/logo\\\/image\\\/\",\"url\":\"https:\\\/\\\/aguacatesibarra.com\\\/wp-content\\\/uploads\\\/2026\\\/04\\\/Aguacates-Ibarra-Logo.svg\",\"contentUrl\":\"https:\\\/\\\/aguacatesibarra.com\\\/wp-content\\\/uploads\\\/2026\\\/04\\\/Aguacates-Ibarra-Logo.svg\",\"width\":512,\"height\":512,\"caption\":\"Aguacates Ibarra\"},\"image\":{\"@id\":\"https:\\\/\\\/aguacatesibarra.com\\\/#\\\/schema\\\/logo\\\/image\\\/\"}}]}<\/script>\n<!-- \/ Yoast SEO plugin. -->","yoast_head_json":{"title":"Calidad - Aguacates Ibarra","robots":{"index":"index","follow":"follow","max-snippet":"max-snippet:-1","max-image-preview":"max-image-preview:large","max-video-preview":"max-video-preview:-1"},"canonical":"https:\/\/aguacatesibarra.com\/?page_id=50","og_locale":"en_US","og_type":"article","og_title":"Calidad - Aguacates Ibarra","og_description":"AGUACATES IBARRA Producci\u00f3nresponsable,impacto real Entendemos que la calidad no solo se mide en el fruto, sino en c\u00f3mo se produce. Por ello, operamos bajo certificaciones reconocidas y desarrollamos proyectos de sustentabilidad que aseguran el cuidado del medio ambiente, el bienestar de nuestra comunidad y la confianza de productores y compradores. Nuestro compromiso es claro: crecer [&hellip;]","og_url":"https:\/\/aguacatesibarra.com\/?page_id=50","og_site_name":"Aguacates Ibarra","article_modified_time":"2026-04-28T06:10:25+00:00","twitter_card":"summary_large_image","twitter_misc":{"Est. reading time":"2 minutes"},"schema":{"@context":"https:\/\/schema.org","@graph":[{"@type":"WebPage","@id":"https:\/\/aguacatesibarra.com\/?page_id=50","url":"https:\/\/aguacatesibarra.com\/?page_id=50","name":"Calidad - Aguacates Ibarra","isPartOf":{"@id":"https:\/\/aguacatesibarra.com\/#website"},"datePublished":"2026-04-28T04:29:49+00:00","dateModified":"2026-04-28T06:10:25+00:00","breadcrumb":{"@id":"https:\/\/aguacatesibarra.com\/?page_id=50#breadcrumb"},"inLanguage":"en-US","potentialAction":[{"@type":"ReadAction","target":["https:\/\/aguacatesibarra.com\/?page_id=50"]}]},{"@type":"BreadcrumbList","@id":"https:\/\/aguacatesibarra.com\/?page_id=50#breadcrumb","itemListElement":[{"@type":"ListItem","position":1,"name":"Home","item":"https:\/\/aguacatesibarra.com\/"},{"@type":"ListItem","position":2,"name":"Calidad"}]},{"@type":"WebSite","@id":"https:\/\/aguacatesibarra.com\/#website","url":"https:\/\/aguacatesibarra.com\/","name":"Aguacates Ibarra","description":"","publisher":{"@id":"https:\/\/aguacatesibarra.com\/#organization"},"potentialAction":[{"@type":"SearchAction","target":{"@type":"EntryPoint","urlTemplate":"https:\/\/aguacatesibarra.com\/?s={search_term_string}"},"query-input":{"@type":"PropertyValueSpecification","valueRequired":true,"valueName":"search_term_string"}}],"inLanguage":"en-US"},{"@type":"Organization","@id":"https:\/\/aguacatesibarra.com\/#organization","name":"Aguacates Ibarra","url":"https:\/\/aguacatesibarra.com\/","logo":{"@type":"ImageObject","inLanguage":"en-US","@id":"https:\/\/aguacatesibarra.com\/#\/schema\/logo\/image\/","url":"https:\/\/aguacatesibarra.com\/wp-content\/uploads\/2026\/04\/Aguacates-Ibarra-Logo.svg","contentUrl":"https:\/\/aguacatesibarra.com\/wp-content\/uploads\/2026\/04\/Aguacates-Ibarra-Logo.svg","width":512,"height":512,"caption":"Aguacates Ibarra"},"image":{"@id":"https:\/\/aguacatesibarra.com\/#\/schema\/logo\/image\/"}}]}},"_links":{"self":[{"href":"https:\/\/aguacatesibarra.com\/index.php?rest_route=\/wp\/v2\/pages\/50","targetHints":{"allow":["GET"]}}],"collection":[{"href":"https:\/\/aguacatesibarra.com\/index.php?rest_route=\/wp\/v2\/pages"}],"about":[{"href":"https:\/\/aguacatesibarra.com\/index.php?rest_route=\/wp\/v2\/types\/page"}],"author":[{"embeddable":true,"href":"https:\/\/aguacatesibarra.com\/index.php?rest_route=\/wp\/v2\/users\/1"}],"replies":[{"embeddable":true,"href":"https:\/\/aguacatesibarra.com\/index.php?rest_route=%2Fwp%2Fv2%2Fcomments&post=50"}],"version-history":[{"count":4,"href":"https:\/\/aguacatesibarra.com\/index.php?rest_route=\/wp\/v2\/pages\/50\/revisions"}],"predecessor-version":[{"id":57,"href":"https:\/\/aguacatesibarra.com\/index.php?rest_route=\/wp\/v2\/pages\/50\/revisions\/57"}],"wp:attachment":[{"href":"https:\/\/aguacatesibarra.com\/index.php?rest_route=%2Fwp%2Fv2%2Fmedia&parent=50"}],"curies":[{"name":"wp","href":"https:\/\/api.w.org\/{rel}","templated":true}]}}